{"id":30,"date":"2026-01-06T17:50:28","date_gmt":"2026-01-06T17:50:28","guid":{"rendered":"https:\/\/www.procuremas.com\/?page_id=30"},"modified":"2026-01-12T15:56:24","modified_gmt":"2026-01-12T15:56:24","slug":"partners","status":"publish","type":"page","link":"https:\/\/www.procuremas.com\/es\/partners\/","title":{"rendered":"Partners"},"content":{"rendered":"<div class=\"wp-block-cover alignfull\" style=\"min-height:882px;aspect-ratio:unset;\"><img loading=\"lazy\" decoding=\"async\" width=\"1024\" height=\"616\" class=\"wp-block-cover__image-background wp-image-248 size-large\" alt=\"\" src=\"https:\/\/www.procuremas.com\/wp-content\/uploads\/2026\/01\/partnering-nueva-version-1024x616.png\" data-object-fit=\"cover\" srcset=\"https:\/\/www.procuremas.com\/wp-content\/uploads\/2026\/01\/partnering-nueva-version-1024x616.png 1024w, https:\/\/www.procuremas.com\/wp-content\/uploads\/2026\/01\/partnering-nueva-version-300x180.png 300w, https:\/\/www.procuremas.com\/wp-content\/uploads\/2026\/01\/partnering-nueva-version.png 1702w\" sizes=\"auto, (max-width: 1024px) 100vw, 1024px\" \/><span aria-hidden=\"true\" class=\"wp-block-cover__background has-primary-background-color has-background-dim\"><\/span><div class=\"wp-block-cover__inner-container is-layout-flow wp-block-cover-is-layout-flow\">\n<p class=\"has-text-align-center has-white-color has-text-color\" style=\"font-size:clamp(28.836px, 1.802rem + ((1vw - 3.2px) * 1.873), 50px);font-style:normal;font-weight:400\"><strong><br><\/strong>Alianzas<br><strong>con prop\u00f3sito<\/strong><\/p>\n\n\n\n<p class=\"has-text-align-center has-white-color has-text-color has-medium-font-size\" style=\"border-style:none;border-width:0px;letter-spacing:1px\">Generando impacto positivo<\/p>\n\n\n\n<div style=\"height:71px\" aria-hidden=\"true\" class=\"wp-block-spacer\"><\/div>\n<\/div><\/div>\n\n\n\n<p class=\"has-text-align-center has-medium-font-size\" style=\"margin-top:var(--wp--preset--spacing--large);margin-bottom:var(--wp--preset--spacing--large)\">PROCUREMAS comprende la importancia de las alianzas estrat\u00e9gicas de alto nivel para impulsar el desarrollo del pa\u00eds.\nPor ello, en colaboraci\u00f3n con NAVALFACTORY, empresa especializada en la construcci\u00f3n de embarcaciones, PROCUREMAS participa en el dise\u00f1o y la fabricaci\u00f3n de embarcaciones modernas, equipadas con tecnolog\u00eda avanzada de navegaci\u00f3n, comunicaci\u00f3n y detecci\u00f3n de peces. <br>\n\nEstas embarcaciones brindan a los pescadores artesanales mayor autonom\u00eda, seguridad y trazabilidad en sus operaciones, incrementando sus posibilidades de \u00e9xito en cada jornada.<\/p>\n\n\n\n<div class=\"wp-block-group is-style-default has-light-background-background-color has-background has-global-padding is-layout-constrained wp-container-core-group-is-layout-02ab25f7 wp-block-group-is-layout-constrained\" style=\"padding-top:60px;padding-bottom:60px;padding-left:0\">\n<div class=\"wp-block-group has-global-padding is-layout-constrained wp-block-group-is-layout-constrained\">\n<div class=\"wp-block-columns is-layout-flex wp-container-core-columns-is-layout-d7d455e7 wp-block-columns-is-layout-flex\" style=\"padding-top:0;padding-right:0;padding-bottom:0;padding-left:0\">\n<div class=\"wp-block-column is-vertically-aligned-top is-layout-flow wp-block-column-is-layout-flow\" style=\"flex-basis:50%\">\n<figure class=\"wp-block-image alignright size-full\"><img loading=\"lazy\" decoding=\"async\" width=\"900\" height=\"837\" src=\"https:\/\/www.procuremas.com\/wp-content\/uploads\/2026\/01\/partners.png\" alt=\"\" class=\"wp-image-113\" srcset=\"https:\/\/www.procuremas.com\/wp-content\/uploads\/2026\/01\/partners.png 900w, https:\/\/www.procuremas.com\/wp-content\/uploads\/2026\/01\/partners-300x279.png 300w\" sizes=\"auto, (max-width: 900px) 100vw, 900px\" \/><\/figure>\n<\/div>\n\n\n\n<div class=\"wp-block-column is-vertically-aligned-center is-layout-flow wp-block-column-is-layout-flow\" style=\"padding-left:var(--wp--preset--spacing--80);flex-basis:50%\">\n<p class=\"has-text-color\" style=\"color:#f68f32\"><strong>NUESTRA ALIANZA<\/strong><\/p>\n\n\n\n<h2 class=\"wp-block-heading\" style=\"font-size:clamp(17.905px, 1.119rem + ((1vw - 3.2px) * 0.893), 28px);\"><strong>Un modelo integrado para la pesca sostenible y el suministro de embarcaciones<\/strong><\/h2>\n\n\n\n<p class=\"has-small-font-size\">Una navegaci\u00f3n eficiente en la Pen\u00ednsula de Santa Elena es fundamental para el crecimiento sostenible del sector pesquero.\nEn este contexto, NAVALFACTORY tiene como objetivo generar m\u00e1s de 80.000 empleos directos a trav\u00e9s de un modelo de negocio basado en alianzas con las comunidades pesqueras. Este enfoque no solo incrementa la rentabilidad de los pescadores artesanales, sino que tambi\u00e9n mejora su calidad de vida, al brindar mayores oportunidades de \u00e9xito y condiciones de trabajo dignas.<\/p>\n<\/div>\n<\/div>\n<\/div>\n<\/div>\n\n\n\n<p class=\"has-text-align-center has-tertiary-color has-text-color has-link-color wp-elements-6c1f7fcbc43e46beb28555b1bfc78591\">Visite el Sitio Web de Naval Factory<\/p>\n\n\n\n<figure class=\"wp-block-image aligncenter size-full is-resized\" style=\"margin-top:0;margin-bottom:var(--wp--preset--spacing--medium)\"><a href=\"http:\/\/navalfactory.com\"><img loading=\"lazy\" decoding=\"async\" width=\"400\" height=\"196\" src=\"https:\/\/www.procuremas.com\/wp-content\/uploads\/2026\/01\/logo-naval-factory-01.png\" alt=\"\" class=\"wp-image-115\" style=\"width:auto;height:130px\" srcset=\"https:\/\/www.procuremas.com\/wp-content\/uploads\/2026\/01\/logo-naval-factory-01.png 400w, https:\/\/www.procuremas.com\/wp-content\/uploads\/2026\/01\/logo-naval-factory-01-300x147.png 300w\" sizes=\"auto, (max-width: 400px) 100vw, 400px\" \/><\/a><\/figure>\n\n\n\n<div class=\"wp-block-group alignfull is-layout-flow wp-container-core-group-is-layout-dd05222a wp-block-group-is-layout-flow\" id=\"cover\" style=\"margin-top:0px;margin-bottom:0px;padding-top:0px;padding-bottom:0px\">\n<div class=\"wp-block-cover aligncenter\" style=\"border-style:none;border-width:0px;margin-top:0;margin-bottom:0;padding-top:0;padding-bottom:0;min-height:420px;aspect-ratio:unset;\"><img loading=\"lazy\" decoding=\"async\" width=\"1024\" height=\"576\" class=\"wp-block-cover__image-background wp-image-105 size-large\" alt=\"\" src=\"https:\/\/www.procuremas.com\/wp-content\/uploads\/2026\/01\/Playa-La-Entrada-Santa-Elena-1024x576.jpg\" data-object-fit=\"cover\" srcset=\"https:\/\/www.procuremas.com\/wp-content\/uploads\/2026\/01\/Playa-La-Entrada-Santa-Elena-1024x576.jpg 1024w, https:\/\/www.procuremas.com\/wp-content\/uploads\/2026\/01\/Playa-La-Entrada-Santa-Elena-300x169.jpg 300w, https:\/\/www.procuremas.com\/wp-content\/uploads\/2026\/01\/Playa-La-Entrada-Santa-Elena.jpg 1280w\" sizes=\"auto, (max-width: 1024px) 100vw, 1024px\" \/><span aria-hidden=\"true\" class=\"wp-block-cover__background has-black-background-color has-background-dim-60 has-background-dim\"><\/span><div class=\"wp-block-cover__inner-container has-global-padding is-layout-constrained wp-container-core-cover-is-layout-3aefeb93 wp-block-cover-is-layout-constrained\">\n<div class=\"wp-block-group has-global-padding is-layout-constrained wp-container-core-group-is-layout-4383d167 wp-block-group-is-layout-constrained\">\n<h2 class=\"wp-block-heading has-text-align-center has-white-color has-text-color translation-block\" style=\"font-size:clamp(18.959px, 1.185rem + ((1vw - 3.2px) * 0.977), 30px);\"><em>Este enfoque permite que ambas empresas <br> generen un impacto positivo en la comunidad pesquera <br> de la Pen\u00ednsula de Santa Elena, Ecuador.<\/h2>\n<\/div>\n<\/div><\/div>\n<\/div>","protected":false},"excerpt":{"rendered":"<p>PROCUREMAS understands the importance of high-level strategic partnerships to drive the country\u2019s development. For this reason, in collaboration with NAVALFACTORY, a company specializing in vessel construction, PROCUREMAS is involved in the design and manufacturing of modern boats equipped with advanced navigation, communication, and fish-detection technology. These vessels provide artisanal fishers with greater autonomy, safety, and &hellip; <\/p>\n<p class=\"link-more\"><a href=\"https:\/\/www.procuremas.com\/es\/partners\/\" class=\"more-link\">Read more<span class=\"screen-reader-text\"> &#8220;Partners&#8221;<\/span><\/a><\/p>","protected":false},"author":1,"featured_media":0,"parent":0,"menu_order":0,"comment_status":"closed","ping_status":"closed","template":"page-templates\/full-width-transparent.php","meta":{"inspiro_hide_title":false,"footnotes":""},"class_list":["post-30","page","type-page","status-publish","hentry"],"_links":{"self":[{"href":"https:\/\/www.procuremas.com\/es\/wp-json\/wp\/v2\/pages\/30","targetHints":{"allow":["GET"]}}],"collection":[{"href":"https:\/\/www.procuremas.com\/es\/wp-json\/wp\/v2\/pages"}],"about":[{"href":"https:\/\/www.procuremas.com\/es\/wp-json\/wp\/v2\/types\/page"}],"author":[{"embeddable":true,"href":"https:\/\/www.procuremas.com\/es\/wp-json\/wp\/v2\/users\/1"}],"replies":[{"embeddable":true,"href":"https:\/\/www.procuremas.com\/es\/wp-json\/wp\/v2\/comments?post=30"}],"version-history":[{"count":21,"href":"https:\/\/www.procuremas.com\/es\/wp-json\/wp\/v2\/pages\/30\/revisions"}],"predecessor-version":[{"id":250,"href":"https:\/\/www.procuremas.com\/es\/wp-json\/wp\/v2\/pages\/30\/revisions\/250"}],"wp:attachment":[{"href":"https:\/\/www.procuremas.com\/es\/wp-json\/wp\/v2\/media?parent=30"}],"curies":[{"name":"wp","href":"https:\/\/api.w.org\/{rel}","templated":true}]}}