{"id":29,"date":"2026-01-06T17:50:28","date_gmt":"2026-01-06T17:50:28","guid":{"rendered":"https:\/\/www.procuremas.com\/?page_id=29"},"modified":"2026-01-09T22:19:52","modified_gmt":"2026-01-09T22:19:52","slug":"ics","status":"publish","type":"page","link":"https:\/\/www.procuremas.com\/es\/ics\/","title":{"rendered":"ICS"},"content":{"rendered":"<div class=\"wp-block-cover alignfull\" style=\"min-height:100vh;aspect-ratio:unset;\"><img loading=\"lazy\" decoding=\"async\" width=\"2560\" height=\"1671\" class=\"wp-block-cover__image-background wp-image-171\" alt=\"\" src=\"https:\/\/www.procuremas.com\/wp-content\/uploads\/2026\/01\/corporate-businessmen-shaking-hands-scaled.jpg\" data-object-fit=\"cover\" srcset=\"https:\/\/www.procuremas.com\/wp-content\/uploads\/2026\/01\/corporate-businessmen-shaking-hands-scaled.jpg 2560w, https:\/\/www.procuremas.com\/wp-content\/uploads\/2026\/01\/corporate-businessmen-shaking-hands-300x196.jpg 300w, https:\/\/www.procuremas.com\/wp-content\/uploads\/2026\/01\/corporate-businessmen-shaking-hands-1024x668.jpg 1024w, https:\/\/www.procuremas.com\/wp-content\/uploads\/2026\/01\/corporate-businessmen-shaking-hands-2000x1306.jpg 2000w\" sizes=\"auto, (max-width: 2560px) 100vw, 2560px\" \/><span aria-hidden=\"true\" class=\"wp-block-cover__background has-primary-background-color has-background-dim-40 has-background-dim\"><\/span><div class=\"wp-block-cover__inner-container is-layout-flow wp-block-cover-is-layout-flow\">\n<p class=\"has-text-align-center has-white-color has-text-color translation-block\" style=\"font-size:clamp(28.836px, 1.802rem + ((1vw - 3.2px) * 1.873), 50px);font-style:normal;font-weight:400\"><strong><br><\/strong>Todo lo que su empresa necesita, <br> facilitado por su propio <br> <strong> Comprador Corporativo Internacional.<\/strong><\/p>\n\n\n\n<p class=\"has-text-align-center has-white-color has-text-color has-medium-font-size\" style=\"border-style:none;border-width:0px;letter-spacing:1px\">D\u00e9jelo en nuestras manos; lo entregamos directamente en la puerta de su empresa.<\/p>\n\n\n\n<div style=\"height:71px\" aria-hidden=\"true\" class=\"wp-block-spacer\"><\/div>\n<\/div><\/div>\n\n\n\n<p class=\"has-text-align-center\" style=\"margin-right:var(--wp--preset--spacing--x-large);margin-left:var(--wp--preset--spacing--x-large);font-size:clamp(17.905px, 1.119rem + ((1vw - 3.2px) * 0.893), 28px);\"><br>Procuremas act\u00faa como un representante \u00fanico en China, gestionando las negociaciones con proveedores, fabricantes y entidades p\u00fablicas. \nAsegura los contratos para que las compras o producciones cumplan con las expectativas, minimizando posibles inconvenientes futuros.<\/p>\n\n\n\n<p class=\"has-text-align-center has-small-font-size\" style=\"margin-right:var(--wp--preset--spacing--x-large);margin-left:var(--wp--preset--spacing--x-large)\">A solicitud del cliente y con base en las especificaciones y la ficha t\u00e9cnica proporcionadas, Procuremas investiga y verifica proveedores que cumplan con los est\u00e1ndares requeridos.\nLos proveedores son seleccionados cuidadosamente para alinearse con el perfil del comprador, los vol\u00famenes de compra y los requisitos de calidad del cliente.<\/p>\n\n\n\n<figure class=\"wp-block-image aligncenter size-full\"><img loading=\"lazy\" decoding=\"async\" width=\"1416\" height=\"545\" src=\"https:\/\/www.procuremas.com\/wp-content\/uploads\/2026\/01\/PASO-POR-PASO_jan_26-01.png\" alt=\"\" class=\"wp-image-181\" srcset=\"https:\/\/www.procuremas.com\/wp-content\/uploads\/2026\/01\/PASO-POR-PASO_jan_26-01.png 1416w, https:\/\/www.procuremas.com\/wp-content\/uploads\/2026\/01\/PASO-POR-PASO_jan_26-01-300x115.png 300w, https:\/\/www.procuremas.com\/wp-content\/uploads\/2026\/01\/PASO-POR-PASO_jan_26-01-1024x394.png 1024w\" sizes=\"auto, (max-width: 1416px) 100vw, 1416px\" \/><\/figure>\n\n\n\n<div style=\"height:100px\" aria-hidden=\"true\" class=\"wp-block-spacer\"><\/div>\n\n\n\n<div class=\"wp-block-group alignfull has-foreground-background-color has-background has-global-padding is-layout-constrained wp-block-group-is-layout-constrained\" style=\"margin-top:var(--wp--preset--spacing--x-large);margin-bottom:0;padding-top:var(--wp--preset--spacing--medium);padding-bottom:var(--wp--preset--spacing--medium)\">\n<div class=\"wp-block-media-text has-media-on-the-right is-stacked-on-mobile\" style=\"margin-top:0;margin-right:0;margin-bottom:0;margin-left:0;padding-right:0;padding-left:0;grid-template-columns:auto 35%\"><div class=\"wp-block-media-text__content\">\n<p class=\"has-white-color has-text-color has-link-color has-small-font-size wp-elements-8c91b545e3c2726d9cc0ba02c2f10a56\">Coordinamos los pedidos con los proveedores, asegurando claridad en los detalles de producci\u00f3n, los plazos de entrega y las condiciones acordadas.\nAdem\u00e1s, gestionamos la documentaci\u00f3n, optimizamos los procesos de importaci\u00f3n y administramos los pagos a proveedores. <\/p>\n<\/div><figure class=\"wp-block-media-text__media\"><img loading=\"lazy\" decoding=\"async\" width=\"1024\" height=\"692\" src=\"https:\/\/www.procuremas.com\/wp-content\/uploads\/2026\/01\/descarga-1-1-1024x692.webp\" alt=\"\" class=\"wp-image-184 size-full\" srcset=\"https:\/\/www.procuremas.com\/wp-content\/uploads\/2026\/01\/descarga-1-1-1024x692.webp 1024w, https:\/\/www.procuremas.com\/wp-content\/uploads\/2026\/01\/descarga-1-1-300x203.webp 300w, https:\/\/www.procuremas.com\/wp-content\/uploads\/2026\/01\/descarga-1-1-2000x1351.webp 2000w\" sizes=\"auto, (max-width: 1024px) 100vw, 1024px\" \/><\/figure><\/div>\n\n\n\n<div class=\"wp-block-media-text is-stacked-on-mobile\" style=\"border-style:none;border-width:0px;border-top-left-radius:0px;border-top-right-radius:0px;border-bottom-left-radius:0px;border-bottom-right-radius:0px;margin-top:var(--wp--preset--spacing--medium);margin-bottom:var(--wp--preset--spacing--medium);grid-template-columns:35% auto\"><figure class=\"wp-block-media-text__media\"><img loading=\"lazy\" decoding=\"async\" width=\"1000\" height=\"667\" src=\"https:\/\/www.procuremas.com\/wp-content\/uploads\/2026\/01\/pensive-forklift-operator-examining-stock-packages-shelves-warehouse____.jpg\" alt=\"\" class=\"wp-image-188 size-full\" srcset=\"https:\/\/www.procuremas.com\/wp-content\/uploads\/2026\/01\/pensive-forklift-operator-examining-stock-packages-shelves-warehouse____.jpg 1000w, https:\/\/www.procuremas.com\/wp-content\/uploads\/2026\/01\/pensive-forklift-operator-examining-stock-packages-shelves-warehouse____-300x200.jpg 300w\" sizes=\"auto, (max-width: 1000px) 100vw, 1000px\" \/><\/figure><div class=\"wp-block-media-text__content\">\n<p class=\"has-white-color has-text-color has-link-color has-small-font-size wp-elements-fc92c4519dde9a88c61f4f203898d018\">Procuremas supervisa la fabricaci\u00f3n y el embalaje de sus productos para exportaci\u00f3n como parte de su programa de aseguramiento de calidad, lo que permite tomar acciones correctivas de manera oportuna.\nLos inspectores realizan inspecciones f\u00edsicas utilizando m\u00e9todos de muestreo aleatorio.<\/p>\n<\/div><\/div>\n\n\n\n<div class=\"wp-block-media-text has-media-on-the-right is-stacked-on-mobile\" style=\"margin-top:var(--wp--preset--spacing--medium);margin-bottom:var(--wp--preset--spacing--medium);grid-template-columns:auto 35%\"><div class=\"wp-block-media-text__content\">\n<p class=\"has-white-color has-text-color has-link-color has-small-font-size wp-elements-78fd16e63d681bcdbb9d7977e6694be7\">Procuremas inspecciona la mercanc\u00eda al finalizar la producci\u00f3n y consolida los embarques en puertos chinos, optimizando la log\u00edstica y maximizando el uso del espacio en los contenedores para una mayor eficiencia de costos.<\/p>\n<\/div><figure class=\"wp-block-media-text__media\"><img loading=\"lazy\" decoding=\"async\" width=\"1000\" height=\"667\" src=\"https:\/\/www.procuremas.com\/wp-content\/uploads\/2026\/01\/estibador-suisca.webp\" alt=\"\" class=\"wp-image-185 size-full\" srcset=\"https:\/\/www.procuremas.com\/wp-content\/uploads\/2026\/01\/estibador-suisca.webp 1000w, https:\/\/www.procuremas.com\/wp-content\/uploads\/2026\/01\/estibador-suisca-300x200.webp 300w\" sizes=\"auto, (max-width: 1000px) 100vw, 1000px\" \/><\/figure><\/div>\n<\/div>","protected":false},"excerpt":{"rendered":"<p>Procuremas acts as a single representative in China, handling negotiations with suppliers, manufacturers, and public entities. It secures contracts to ensure purchases or productions meet expectations, minimizing future issues. At the client\u2019s request and based on the provided specifications and technical data sheet, Procuremas researches and verifies suppliers that meet the required standards. Suppliers are &hellip; <\/p>\n<p class=\"link-more\"><a href=\"https:\/\/www.procuremas.com\/es\/ics\/\" class=\"more-link\">Read more<span class=\"screen-reader-text\"> &#8220;ICS&#8221;<\/span><\/a><\/p>","protected":false},"author":1,"featured_media":0,"parent":0,"menu_order":0,"comment_status":"closed","ping_status":"closed","template":"page-templates\/full-width-transparent.php","meta":{"inspiro_hide_title":false,"footnotes":""},"class_list":["post-29","page","type-page","status-publish","hentry"],"_links":{"self":[{"href":"https:\/\/www.procuremas.com\/es\/wp-json\/wp\/v2\/pages\/29","targetHints":{"allow":["GET"]}}],"collection":[{"href":"https:\/\/www.procuremas.com\/es\/wp-json\/wp\/v2\/pages"}],"about":[{"href":"https:\/\/www.procuremas.com\/es\/wp-json\/wp\/v2\/types\/page"}],"author":[{"embeddable":true,"href":"https:\/\/www.procuremas.com\/es\/wp-json\/wp\/v2\/users\/1"}],"replies":[{"embeddable":true,"href":"https:\/\/www.procuremas.com\/es\/wp-json\/wp\/v2\/comments?post=29"}],"version-history":[{"count":16,"href":"https:\/\/www.procuremas.com\/es\/wp-json\/wp\/v2\/pages\/29\/revisions"}],"predecessor-version":[{"id":191,"href":"https:\/\/www.procuremas.com\/es\/wp-json\/wp\/v2\/pages\/29\/revisions\/191"}],"wp:attachment":[{"href":"https:\/\/www.procuremas.com\/es\/wp-json\/wp\/v2\/media?parent=29"}],"curies":[{"name":"wp","href":"https:\/\/api.w.org\/{rel}","templated":true}]}}