{"id":23,"date":"2026-01-06T17:50:28","date_gmt":"2026-01-06T17:50:28","guid":{"rendered":"https:\/\/www.procuremas.com\/?page_id=23"},"modified":"2026-01-12T16:04:13","modified_gmt":"2026-01-12T16:04:13","slug":"about-us","status":"publish","type":"page","link":"https:\/\/www.procuremas.com\/es\/about-us\/","title":{"rendered":"Sobre Nosotros"},"content":{"rendered":"<h2 class=\"wp-block-heading has-text-align-center has-large-font-size\" style=\"margin-top:var(--wp--preset--spacing--medium);margin-bottom:var(--wp--preset--spacing--x-small);font-style:normal;font-weight:100\">Nos dedicamos a ofrecer soluciones avanzadas y altamente personalizadas en la gesti\u00f3n de compras estrat\u00e9gicas.<\/h2>\n\n\n\n<p class=\"has-text-align-center\" style=\"margin-top:var(--wp--preset--spacing--medium);margin-bottom:var(--wp--preset--spacing--medium)\">Vamos m\u00e1s all\u00e1 de las simples transacciones de compra; nuestra misi\u00f3n es actuar como un socio estrat\u00e9gico para nuestros clientes, acompa\u00f1\u00e1ndolos en cada etapa del proceso de abastecimiento.\nCon un enfoque integral, ofrecemos una gama completa de servicios, que abarca desde el procurement y la importaci\u00f3n, hasta la intermediaci\u00f3n y la comercializaci\u00f3n de maquinaria especializada, equipos, repuestos y accesorios.\n\nAtendemos las necesidades de una amplia variedad de sectores industriales y econ\u00f3micos, como el naval, c\u00e1rnico, l\u00e1cteo, pesquero, de obras civiles y agroindustrial, brindando siempre soluciones adaptadas a los requerimientos espec\u00edficos de cada industria. <\/p>\n\n\n\n<div class=\"wp-block-columns is-layout-flex wp-container-core-columns-is-layout-28f84493 wp-block-columns-is-layout-flex\">\n<div class=\"wp-block-column is-layout-flow wp-block-column-is-layout-flow\">\n<div class=\"wp-block-cover is-light\" style=\"min-height:320px;aspect-ratio:unset;\"><img loading=\"lazy\" decoding=\"async\" width=\"1024\" height=\"692\" class=\"wp-block-cover__image-background wp-image-84 size-large\" alt=\"\" src=\"https:\/\/www.procuremas.com\/wp-content\/uploads\/2026\/01\/descarga-1-1024x692.webp\" data-object-fit=\"cover\" srcset=\"https:\/\/www.procuremas.com\/wp-content\/uploads\/2026\/01\/descarga-1-1024x692.webp 1024w, https:\/\/www.procuremas.com\/wp-content\/uploads\/2026\/01\/descarga-1-300x203.webp 300w, https:\/\/www.procuremas.com\/wp-content\/uploads\/2026\/01\/descarga-1-2000x1351.webp 2000w\" sizes=\"auto, (max-width: 1024px) 100vw, 1024px\" \/><span aria-hidden=\"true\" class=\"wp-block-cover__background has-background-dim-0 has-background-dim\"><\/span><div class=\"wp-block-cover__inner-container has-global-padding is-layout-constrained wp-block-cover-is-layout-constrained\">\n<p class=\"has-text-align-center has-large-font-size\"><\/p>\n<\/div><\/div>\n<\/div>\n\n\n\n<div class=\"wp-block-column is-layout-flow wp-block-column-is-layout-flow\">\n<p class=\"has-small-font-size\" style=\"margin-top:var(--wp--preset--spacing--small);margin-right:var(--wp--preset--spacing--x-small);margin-bottom:var(--wp--preset--spacing--small);margin-left:var(--wp--preset--spacing--x-small)\">Nuestra propuesta de valor se basa en el compromiso de ser un aliado estrat\u00e9gico para nuestros socios, colaborando estrechamente en la identificaci\u00f3n y el abastecimiento de soluciones integrales y personalizadas.\nEstas soluciones no solo optimizan los procesos de suministro, sino que tambi\u00e9n contribuyen a mejorar la eficiencia productiva y la competitividad de nuestros clientes en sus respectivos mercados.<\/p>\n<\/div>\n<\/div>\n\n\n\n<div class=\"wp-block-columns is-layout-flex wp-container-core-columns-is-layout-28f84493 wp-block-columns-is-layout-flex\">\n<div class=\"wp-block-column is-layout-flow wp-block-column-is-layout-flow\">\n<p class=\"has-small-font-size\" style=\"margin-top:var(--wp--preset--spacing--small);margin-right:var(--wp--preset--spacing--x-small);margin-bottom:var(--wp--preset--spacing--small);margin-left:var(--wp--preset--spacing--x-small)\">Como parte del RIVADAVIL BUSINESS GROUP, ponemos a disposici\u00f3n de nuestros clientes una s\u00f3lida trayectoria y una profunda experiencia en sectores como el naval, c\u00e1rnico, l\u00e1cteo, pesquero, de obras civiles y agroindustrial, entre otros.\nNuestra amplia red de contactos y el uso de tecnolog\u00eda avanzada nos permiten ofrecer soluciones de alto valor, dise\u00f1adas para responder a las crecientes exigencias del mercado global, siempre alineadas con los est\u00e1ndares de calidad y eficiencia que caracterizan a nuestra empresa.<\/p>\n<\/div>\n\n\n\n<div class=\"wp-block-column is-layout-flow wp-block-column-is-layout-flow\">\n<div class=\"wp-block-cover\" style=\"margin-top:var(--wp--preset--spacing--x-small);margin-bottom:var(--wp--preset--spacing--x-small);padding-right:0;padding-left:0;min-height:246px;aspect-ratio:unset;\"><img loading=\"lazy\" decoding=\"async\" width=\"440\" height=\"250\" class=\"wp-block-cover__image-background wp-image-90 size-full\" alt=\"\" src=\"https:\/\/www.procuremas.com\/wp-content\/uploads\/2026\/01\/logo-rivadavil-3.png\" data-object-fit=\"cover\" srcset=\"https:\/\/www.procuremas.com\/wp-content\/uploads\/2026\/01\/logo-rivadavil-3.png 440w, https:\/\/www.procuremas.com\/wp-content\/uploads\/2026\/01\/logo-rivadavil-3-300x170.png 300w\" sizes=\"auto, (max-width: 440px) 100vw, 440px\" \/><span aria-hidden=\"true\" class=\"wp-block-cover__background has-background-dim-0 has-background-dim\"><\/span><div class=\"wp-block-cover__inner-container has-global-padding is-layout-constrained wp-container-core-cover-is-layout-a19186c8 wp-block-cover-is-layout-constrained\">\n<p class=\"has-text-align-center has-large-font-size\"><\/p>\n<\/div><\/div>\n<\/div>\n<\/div>\n\n\n\n<div class=\"wp-block-columns are-vertically-aligned-top is-layout-flex wp-container-core-columns-is-layout-709bfdc6 wp-block-columns-is-layout-flex\" style=\"margin-top:var(--wp--preset--spacing--x-large);margin-bottom:var(--wp--preset--spacing--x-large);padding-right:0;padding-left:0\">\n<div class=\"wp-block-column is-vertically-aligned-top has-background has-global-padding is-content-justification-center is-layout-constrained wp-block-column-is-layout-constrained\" style=\"border-top-left-radius:52px;border-top-right-radius:52px;border-bottom-left-radius:52px;border-bottom-right-radius:52px;background:linear-gradient(360deg,rgb(254,254,254) 0%,rgb(247,247,247) 100%);flex-basis:20%\">\n<figure class=\"wp-block-image aligncenter size-full is-resized\"><img loading=\"lazy\" decoding=\"async\" width=\"200\" height=\"200\" src=\"https:\/\/www.procuremas.com\/wp-content\/uploads\/2026\/01\/icon_welcome-02-1.png\" alt=\"\" class=\"wp-image-68\" style=\"aspect-ratio:1;object-fit:cover;width:150px\" srcset=\"https:\/\/www.procuremas.com\/wp-content\/uploads\/2026\/01\/icon_welcome-02-1.png 200w, https:\/\/www.procuremas.com\/wp-content\/uploads\/2026\/01\/icon_welcome-02-1-150x150.png 150w\" sizes=\"auto, (max-width: 200px) 100vw, 200px\" \/><\/figure>\n\n\n\n<p class=\"has-text-align-center has-tertiary-color has-text-color has-link-color wp-elements-d87785bbe4dfdc203c9a94d930b8ce40\" style=\"margin-top:38px;margin-right:0;margin-bottom:38px;margin-left:0;font-style:normal;font-weight:500\">Expandir nuestra presencia global<\/p>\n<\/div>\n\n\n\n<div class=\"wp-block-column is-vertically-aligned-top has-background is-layout-flow wp-block-column-is-layout-flow\" style=\"border-top-left-radius:52px;border-top-right-radius:52px;border-bottom-left-radius:52px;border-bottom-right-radius:52px;background:linear-gradient(360deg,rgb(254,254,254) 0%,rgb(247,247,247) 100%);flex-basis:20%\">\n<figure class=\"wp-block-image aligncenter size-full is-resized\"><img loading=\"lazy\" decoding=\"async\" width=\"200\" height=\"200\" src=\"https:\/\/www.procuremas.com\/wp-content\/uploads\/2026\/01\/icon_welcome-04-1.png\" alt=\"\" class=\"wp-image-69\" style=\"width:150px\" srcset=\"https:\/\/www.procuremas.com\/wp-content\/uploads\/2026\/01\/icon_welcome-04-1.png 200w, https:\/\/www.procuremas.com\/wp-content\/uploads\/2026\/01\/icon_welcome-04-1-150x150.png 150w\" sizes=\"auto, (max-width: 200px) 100vw, 200px\" \/><\/figure>\n\n\n\n<p class=\"has-text-align-center has-tertiary-color has-text-color has-link-color wp-elements-bdc8eb15532ca8f39fd7234b7bccd73b\" style=\"margin-top:26px;margin-right:var(--wp--preset--spacing--x-small);margin-bottom:26px;margin-left:var(--wp--preset--spacing--x-small);font-style:normal;font-weight:500\">Innovar en procesos y tecnolog\u00edas<\/p>\n<\/div>\n\n\n\n<div class=\"wp-block-column is-vertically-aligned-top has-background is-layout-flow wp-block-column-is-layout-flow\" style=\"border-top-left-radius:52px;border-top-right-radius:52px;border-bottom-left-radius:52px;border-bottom-right-radius:52px;background:linear-gradient(360deg,rgb(254,254,254) 0%,rgb(247,247,247) 100%);flex-basis:20%\">\n<figure class=\"wp-block-image aligncenter size-full is-resized\" style=\"margin-top:0;margin-bottom:0\"><img loading=\"lazy\" decoding=\"async\" width=\"200\" height=\"200\" src=\"https:\/\/www.procuremas.com\/wp-content\/uploads\/2026\/01\/icon_welcome-03-1.png\" alt=\"\" class=\"wp-image-70\" style=\"width:150px\" srcset=\"https:\/\/www.procuremas.com\/wp-content\/uploads\/2026\/01\/icon_welcome-03-1.png 200w, https:\/\/www.procuremas.com\/wp-content\/uploads\/2026\/01\/icon_welcome-03-1-150x150.png 150w\" sizes=\"auto, (max-width: 200px) 100vw, 200px\" \/><\/figure>\n\n\n\n<p class=\"has-text-align-center has-tertiary-color has-text-color has-link-color wp-elements-946e36e5c9121c1182bc7c2d248bcc79\" style=\"margin-top:13px;margin-right:var(--wp--preset--spacing--x-small);margin-bottom:13px;margin-left:var(--wp--preset--spacing--x-small);padding-top:0;padding-bottom:0;font-style:normal;font-weight:500\">Fortalecer relaciones con clientes y proveedores<\/p>\n<\/div>\n\n\n\n<div class=\"wp-block-column is-vertically-aligned-top has-background is-layout-flow wp-block-column-is-layout-flow\" style=\"border-top-left-radius:52px;border-top-right-radius:52px;border-bottom-left-radius:52px;border-bottom-right-radius:52px;background:linear-gradient(360deg,rgb(254,254,254) 0%,rgb(247,247,247) 100%);flex-basis:20%\">\n<figure class=\"wp-block-image aligncenter size-full is-resized\"><img loading=\"lazy\" decoding=\"async\" width=\"200\" height=\"200\" src=\"https:\/\/www.procuremas.com\/wp-content\/uploads\/2026\/01\/icon_welcome-05-1.png\" alt=\"\" class=\"wp-image-71\" style=\"width:150px\" srcset=\"https:\/\/www.procuremas.com\/wp-content\/uploads\/2026\/01\/icon_welcome-05-1.png 200w, https:\/\/www.procuremas.com\/wp-content\/uploads\/2026\/01\/icon_welcome-05-1-150x150.png 150w\" sizes=\"auto, (max-width: 200px) 100vw, 200px\" \/><\/figure>\n\n\n\n<p class=\"has-text-align-center has-tertiary-color has-text-color has-link-color wp-elements-32c1fb3aa5a6fdf2724e8d3f2a46da74\" style=\"padding-top:28px;padding-bottom:28px;font-style:normal;font-weight:500\">Promover sostenibilidad<\/p>\n<\/div>\n<\/div>","protected":false},"excerpt":{"rendered":"<p>We are dedicated to providing advanced and highly personalized solutions in strategic procurement management. We go beyond simple purchasing transactions; our mission is to act as a strategic partner for our clients, accompanying them at every stage of the supply process. With a comprehensive approach, we offer a full range of services, from procurement and &hellip; <\/p>\n<p class=\"link-more\"><a href=\"https:\/\/www.procuremas.com\/es\/about-us\/\" class=\"more-link\">Read more<span class=\"screen-reader-text\"> &#8220;About us&#8221;<\/span><\/a><\/p>","protected":false},"author":1,"featured_media":102,"parent":0,"menu_order":0,"comment_status":"closed","ping_status":"closed","template":"","meta":{"inspiro_hide_title":false,"footnotes":""},"class_list":["post-23","page","type-page","status-publish","has-post-thumbnail","hentry"],"_links":{"self":[{"href":"https:\/\/www.procuremas.com\/es\/wp-json\/wp\/v2\/pages\/23","targetHints":{"allow":["GET"]}}],"collection":[{"href":"https:\/\/www.procuremas.com\/es\/wp-json\/wp\/v2\/pages"}],"about":[{"href":"https:\/\/www.procuremas.com\/es\/wp-json\/wp\/v2\/types\/page"}],"author":[{"embeddable":true,"href":"https:\/\/www.procuremas.com\/es\/wp-json\/wp\/v2\/users\/1"}],"replies":[{"embeddable":true,"href":"https:\/\/www.procuremas.com\/es\/wp-json\/wp\/v2\/comments?post=23"}],"version-history":[{"count":19,"href":"https:\/\/www.procuremas.com\/es\/wp-json\/wp\/v2\/pages\/23\/revisions"}],"predecessor-version":[{"id":254,"href":"https:\/\/www.procuremas.com\/es\/wp-json\/wp\/v2\/pages\/23\/revisions\/254"}],"wp:featuredmedia":[{"embeddable":true,"href":"https:\/\/www.procuremas.com\/es\/wp-json\/wp\/v2\/media\/102"}],"wp:attachment":[{"href":"https:\/\/www.procuremas.com\/es\/wp-json\/wp\/v2\/media?parent=23"}],"curies":[{"name":"wp","href":"https:\/\/api.w.org\/{rel}","templated":true}]}}