{"id":22,"date":"2026-01-06T17:50:28","date_gmt":"2026-01-06T17:50:28","guid":{"rendered":"https:\/\/www.procuremas.com\/?page_id=22"},"modified":"2026-01-12T16:04:20","modified_gmt":"2026-01-12T16:04:20","slug":"pagina-de-inicio","status":"publish","type":"page","link":"https:\/\/www.procuremas.com\/es\/","title":{"rendered":"P\u00e1gina de inicio"},"content":{"rendered":"<div class=\"wp-block-cover alignfull is-light\" style=\"min-height:100vh;aspect-ratio:unset;\"><video class=\"wp-block-cover__video-background intrinsic-ignore\" autoplay muted loop playsinline src=\"https:\/\/www.procuremas.com\/wp-content\/uploads\/2026\/01\/1109804_Warehouse_Aisle_1920x1080.mp4\" data-object-fit=\"cover\"><\/video><span aria-hidden=\"true\" class=\"wp-block-cover__background has-primary-background-color has-background-dim-30 has-background-dim\"><\/span><div class=\"wp-block-cover__inner-container has-global-padding is-layout-constrained wp-block-cover-is-layout-constrained\">\n<p class=\"has-text-align-center has-white-color has-text-color has-max-72-font-size\" style=\"font-style:normal;font-weight:900;line-height:1.2\"><strong>Procuremas<\/strong><\/p>\n\n\n\n<p class=\"has-text-align-center has-white-color has-text-color has-medium-font-size\">Impulsando la gesti\u00f3n de compras, generando \u00e9xito<\/p>\n\n\n\n<div style=\"height:55px\" aria-hidden=\"true\" class=\"wp-block-spacer\"><\/div>\n<\/div><\/div>\n\n\n\n<div id=\"services\" class=\"wp-block-group alignfull pattern_multiple_covers has-background has-primary-background-color has-global-padding is-layout-constrained wp-container-core-group-is-layout-15156f63 wp-block-group-is-layout-constrained\" style=\"min-height:0px;margin-top:0;margin-bottom:0\">\n<div style=\"margin-top:0;margin-bottom:0;height:84px\" aria-hidden=\"true\" class=\"wp-block-spacer\"><\/div>\n\n\n\n<div class=\"wp-block-group alignwide is-horizontal is-content-justification-left is-layout-flex wp-container-core-group-is-layout-a86bb09c wp-block-group-is-layout-flex\">\n<figure class=\"wp-block-image size-full wp-container-content-3146c0f6\"><img decoding=\"async\" src=\"https:\/\/www.procuremas.com\/wp-content\/uploads\/2026\/01\/medium-shot-man-checking-documents.jpg\" alt=\"\" class=\"wp-image-59\"\/><\/figure>\n\n\n\n<div class=\"wp-block-group wp-container-content-72477793 is-layout-flow wp-block-group-is-layout-flow\">\n<h1 class=\"wp-block-heading has-text-align-center has-text-color has-link-color has-x-large-font-size wp-elements-e1857e94bc4ef45a5f1322dbca2d42aa wp-container-content-dc435e0d\" style=\"color:#f68f32;letter-spacing:1px\">Bienvenido<\/h1>\n\n\n\n<p class=\"has-text-align-center has-white-color has-text-color has-link-color wp-elements-87b61a2819d18119fc0a7d62902c0992 wp-container-content-9e2f13cb\" style=\"font-size:clamp(14px, 0.875rem + ((1vw - 3.2px) * 0.354), 18px);\"><strong>PROCUREMAS<\/strong>&nbsp;se especializa en soluciones avanzadas y personalizadas de compras estrat\u00e9gicas.\nComo socio estrat\u00e9gico, ofrecemos servicios integrales en procurement, importaci\u00f3n, intermediaci\u00f3n y comercializaci\u00f3n. Nuestros objetivos de compra incluyen maquinaria, equipos y accesorios para diversos sectores, entre ellos naval, c\u00e1rnico, l\u00e1cteo, pesquero, de ingenier\u00eda civil y agroindustrial. <br>Como parte del&nbsp;<strong>GRUPO EMPRESARIAL RIVADAVIL<\/strong>, aprovechamos nuestra experiencia, red de contactos y tecnolog\u00eda para ofrecer soluciones de abastecimiento y fabricaci\u00f3n a medida, que generan un alto valor agregado para nuestros clientes.<\/p>\n<\/div>\n<\/div>\n\n\n\n<div style=\"height:57px;width:0px\" aria-hidden=\"true\" class=\"wp-block-spacer\"><\/div>\n\n\n\n<div style=\"height:46px\" aria-hidden=\"true\" class=\"wp-block-spacer\"><\/div>\n<\/div>\n\n\n\n<div class=\"wp-block-group alignfull has-global-padding is-layout-constrained wp-block-group-is-layout-constrained\">\n<div style=\"height:90px\" aria-hidden=\"true\" class=\"wp-block-spacer\"><\/div>\n\n\n\n<div class=\"wp-block-columns alignwide is-layout-flex wp-container-core-columns-is-layout-c375d253 wp-block-columns-is-layout-flex\">\n<div class=\"wp-block-column is-layout-flow wp-block-column-is-layout-flow\">\n<figure class=\"wp-block-image aligncenter size-full is-resized\"><img loading=\"lazy\" decoding=\"async\" width=\"200\" height=\"200\" src=\"https:\/\/www.procuremas.com\/wp-content\/uploads\/2026\/01\/icons_transparency.png\" alt=\"\" class=\"wp-image-91\" style=\"width:130px\" srcset=\"https:\/\/www.procuremas.com\/wp-content\/uploads\/2026\/01\/icons_transparency.png 200w, https:\/\/www.procuremas.com\/wp-content\/uploads\/2026\/01\/icons_transparency-150x150.png 150w\" sizes=\"auto, (max-width: 200px) 100vw, 200px\" \/><\/figure>\n\n\n\n<h3 class=\"wp-block-heading has-text-align-center has-black-color has-text-color has-medium-font-size\"><strong>Transparencia<\/strong><\/h3>\n\n\n\n<p class=\"has-text-align-center has-text-color has-x-small-font-size\" style=\"color:#7a7a7a\">Creemos en la importancia de una comunicaci\u00f3n clara y abierta con nuestros clientes, socios y colaboradores.\nFomentamos un entorno de confianza y transparencia, donde cada interacci\u00f3n refuerza la integridad de nuestro negocio y de nuestras relaciones profesionales.<\/p>\n<\/div>\n\n\n\n<div class=\"wp-block-column is-layout-flow wp-block-column-is-layout-flow\">\n<figure class=\"wp-block-image aligncenter size-full is-resized\"><img loading=\"lazy\" decoding=\"async\" width=\"200\" height=\"200\" src=\"https:\/\/www.procuremas.com\/wp-content\/uploads\/2026\/01\/icons_operationalexcellence.png\" alt=\"\" class=\"wp-image-92\" style=\"object-fit:cover;width:130px;height:130px\" srcset=\"https:\/\/www.procuremas.com\/wp-content\/uploads\/2026\/01\/icons_operationalexcellence.png 200w, https:\/\/www.procuremas.com\/wp-content\/uploads\/2026\/01\/icons_operationalexcellence-150x150.png 150w\" sizes=\"auto, (max-width: 200px) 100vw, 200px\" \/><\/figure>\n\n\n\n<h3 class=\"wp-block-heading has-text-align-center has-black-color has-text-color has-medium-font-size\"><strong>Excelencia Operacional<\/strong><\/h3>\n\n\n\n<p class=\"has-text-align-center has-text-color has-x-small-font-size\" style=\"color:#7a7a7a\">Nos dedicamos a superar las expectativas de quienes conf\u00edan en nosotros.\nA trav\u00e9s de un enfoque constante en la mejora continua, entregamos soluciones que realmente aportan valor. Priorizamos la implementaci\u00f3n de pr\u00e1cticas innovadoras y de vanguardia en todos nuestros servicios.<\/p>\n<\/div>\n\n\n\n<div class=\"wp-block-column is-layout-flow wp-block-column-is-layout-flow\">\n<figure class=\"wp-block-image aligncenter size-full is-resized\"><img loading=\"lazy\" decoding=\"async\" width=\"200\" height=\"200\" src=\"https:\/\/www.procuremas.com\/wp-content\/uploads\/2026\/01\/icons_socialenviromentalresponsibility.png\" alt=\"\" class=\"wp-image-93\" style=\"width:130px\" srcset=\"https:\/\/www.procuremas.com\/wp-content\/uploads\/2026\/01\/icons_socialenviromentalresponsibility.png 200w, https:\/\/www.procuremas.com\/wp-content\/uploads\/2026\/01\/icons_socialenviromentalresponsibility-150x150.png 150w\" sizes=\"auto, (max-width: 200px) 100vw, 200px\" \/><\/figure>\n\n\n\n<h3 class=\"wp-block-heading has-text-align-center has-black-color has-text-color has-medium-font-size\"><strong>Responsabilidad Social y Ambiental<\/strong><\/h3>\n\n\n\n<p class=\"has-text-align-center has-text-color has-x-small-font-size\" style=\"color:#7a7a7a\">Estamos profundamente comprometidos con pr\u00e1cticas empresariales sostenibles que promueven el desarrollo social y el respeto por el medio ambiente.\nNos esforzamos por impulsar el bienestar de las comunidades en las que operamos y por adoptar medidas que minimicen nuestro impacto ambiental, contribuyendo as\u00ed a un entorno m\u00e1s equilibrado y sostenible.<\/p>\n<\/div>\n<\/div>\n\n\n\n<div style=\"height:100px\" aria-hidden=\"true\" class=\"wp-block-spacer\"><\/div>\n<\/div>","protected":false},"excerpt":{"rendered":"<p>Welcome PROCUREMAS&nbsp;specializes in advanced personalized strategic procurement solutions. As a strategic partner, we offer comprehensive services in procurement, import, brokerage, and commercialization. Our procurement targets include machinery, equipment, and accessories across various sectors; these include naval, meat, dairy, fishing, civil engineering, and agribusiness. As part of the&nbsp;RIVADAVIL BUSINESS GROUP, we leverage our experience, network, and &hellip; <\/p>\n<p class=\"link-more\"><a href=\"https:\/\/www.procuremas.com\/es\/\" class=\"more-link\">Read more<span class=\"screen-reader-text\"> &#8220;P\u00e1gina de inicio&#8221;<\/span><\/a><\/p>","protected":false},"author":1,"featured_media":0,"parent":0,"menu_order":0,"comment_status":"closed","ping_status":"closed","template":"page-templates\/homepage-builder-bb.php","meta":{"inspiro_hide_title":false,"footnotes":""},"class_list":["post-22","page","type-page","status-publish","hentry"],"_links":{"self":[{"href":"https:\/\/www.procuremas.com\/es\/wp-json\/wp\/v2\/pages\/22","targetHints":{"allow":["GET"]}}],"collection":[{"href":"https:\/\/www.procuremas.com\/es\/wp-json\/wp\/v2\/pages"}],"about":[{"href":"https:\/\/www.procuremas.com\/es\/wp-json\/wp\/v2\/types\/page"}],"author":[{"embeddable":true,"href":"https:\/\/www.procuremas.com\/es\/wp-json\/wp\/v2\/users\/1"}],"replies":[{"embeddable":true,"href":"https:\/\/www.procuremas.com\/es\/wp-json\/wp\/v2\/comments?post=22"}],"version-history":[{"count":14,"href":"https:\/\/www.procuremas.com\/es\/wp-json\/wp\/v2\/pages\/22\/revisions"}],"predecessor-version":[{"id":253,"href":"https:\/\/www.procuremas.com\/es\/wp-json\/wp\/v2\/pages\/22\/revisions\/253"}],"wp:attachment":[{"href":"https:\/\/www.procuremas.com\/es\/wp-json\/wp\/v2\/media?parent=22"}],"curies":[{"name":"wp","href":"https:\/\/api.w.org\/{rel}","templated":true}]}}