{"id":2,"date":"2026-01-06T10:03:41","date_gmt":"2026-01-06T10:03:41","guid":{"rendered":"https:\/\/www.procuremas.com\/?page_id=2"},"modified":"2026-01-09T22:16:05","modified_gmt":"2026-01-09T22:16:05","slug":"sample-page","status":"publish","type":"page","link":"https:\/\/www.procuremas.com\/es\/sample-page\/","title":{"rendered":"Servicios"},"content":{"rendered":"<p class=\"has-text-align-center has-medium-font-size translation-block\" style=\"margin-top:var(--wp--preset--spacing--large);margin-right:var(--wp--preset--spacing--small);margin-bottom:var(--wp--preset--spacing--large);margin-left:var(--wp--preset--spacing--small)\">En PROCUREMAS, operamos bajo un modelo B2B, <em style=\"font-style: italic\">ofreciendo servicios de gesti\u00f3n de compras a la medida para empresas. <\/em>\nNuestra Gesti\u00f3n Estrat\u00e9gica de Compras, que abarca desde la evaluaci\u00f3n de necesidades y el an\u00e1lisis de desempe\u00f1o hasta la negociaci\u00f3n de contratos y la creaci\u00f3n de \u00f3rdenes de compra, garantiza un proceso eficiente, alineado con los objetivos de nuestros clientes.<\/p>\n\n\n\n<h2 class=\"wp-block-heading has-text-align-center has-secondary-color has-text-color has-link-color has-large-font-size wp-elements-a5cbcb52e7a153377bcd3b4b88c95e67\" style=\"margin-top:var(--wp--preset--spacing--medium);margin-bottom:var(--wp--preset--spacing--medium)\">Desde la selecci\u00f3n de proveedores hasta la Post-Venta:<br>Un Servicio Completo<\/h2>\n\n\n\n<p class=\"has-text-align-center\" style=\"margin-top:var(--wp--preset--spacing--medium);margin-bottom:var(--wp--preset--spacing--medium)\">Gestionamos la investigaci\u00f3n y selecci\u00f3n de proveedores adecuados, facilitando el desarrollo de una red de suministro s\u00f3lida y confiable.\nNuestra gesti\u00f3n tambi\u00e9n abarca la log\u00edstica, garantizando una entrega oportuna y \u00f3ptima de los productos, as\u00ed como un servicio postventa de calidad, dise\u00f1ado para atender cualquier requerimiento adicional y asegurar la plena satisfacci\u00f3n de nuestros clientes.<\/p>\n\n\n\n<figure class=\"wp-block-image alignfull size-large\" style=\"margin-top:var(--wp--preset--spacing--large);margin-bottom:var(--wp--preset--spacing--large)\"><img loading=\"lazy\" decoding=\"async\" width=\"1024\" height=\"515\" src=\"https:\/\/www.procuremas.com\/wp-content\/uploads\/2026\/01\/services-1024x515.png\" alt=\"\" class=\"wp-image-202\" srcset=\"https:\/\/www.procuremas.com\/wp-content\/uploads\/2026\/01\/services-1024x515.png 1024w, https:\/\/www.procuremas.com\/wp-content\/uploads\/2026\/01\/services-300x151.png 300w, https:\/\/www.procuremas.com\/wp-content\/uploads\/2026\/01\/services.png 1301w\" sizes=\"auto, (max-width: 1024px) 100vw, 1024px\" \/><\/figure>\n\n\n\n<div class=\"wp-block-group has-global-padding is-layout-constrained wp-container-core-group-is-layout-1cfdb9ee wp-block-group-is-layout-constrained\">\n<div class=\"wp-block-media-text is-stacked-on-mobile has-background-background-color has-background\" style=\"border-top-left-radius:23px;border-top-right-radius:23px;border-bottom-left-radius:23px;border-bottom-right-radius:23px;margin-top:var(--wp--preset--spacing--medium);margin-right:var(--wp--preset--spacing--x-large);margin-bottom:var(--wp--preset--spacing--medium);margin-left:var(--wp--preset--spacing--x-large);padding-right:var(--wp--preset--spacing--x-large);padding-left:var(--wp--preset--spacing--x-large);grid-template-columns:15% auto\"><figure class=\"wp-block-media-text__media\"><img loading=\"lazy\" decoding=\"async\" width=\"200\" height=\"200\" src=\"https:\/\/www.procuremas.com\/wp-content\/uploads\/2026\/01\/services-icon-14-1.png\" alt=\"\" class=\"wp-image-222 size-full\" srcset=\"https:\/\/www.procuremas.com\/wp-content\/uploads\/2026\/01\/services-icon-14-1.png 200w, https:\/\/www.procuremas.com\/wp-content\/uploads\/2026\/01\/services-icon-14-1-150x150.png 150w\" sizes=\"auto, (max-width: 200px) 100vw, 200px\" \/><\/figure><div class=\"wp-block-media-text__content\">\n<h2 class=\"wp-block-heading has-secondary-color has-text-color has-link-color wp-elements-7ce767ef41e2d19420cb82870d424b79\">Proveedores<\/h2>\n\n\n\n<p class=\"has-small-font-size\" style=\"line-height:1\">\u2022 Investigaci\u00f3n y b\u00fasqueda de proveedores<\/p>\n\n\n\n<p class=\"has-small-font-size\" style=\"line-height:1\">\u2022 Identificaci\u00f3n de proveedores potenciales<\/p>\n\n\n\n<p class=\"has-small-font-size\" style=\"line-height:1\">\u2022 Establecimiento de relaciones con proveedores<\/p>\n\n\n\n<p class=\"has-small-font-size\" style=\"line-height:1\">\u2022 Evaluaci\u00f3n de cotizaciones de proveedores<\/p>\n\n\n\n<p class=\"has-small-font-size\" style=\"line-height:1\">\u2022 Negociaci\u00f3n de contratos<\/p>\n<\/div><\/div>\n\n\n\n<div class=\"wp-block-media-text has-media-on-the-right is-stacked-on-mobile has-border-color has-background-border-color has-white-background-color has-background\" style=\"border-top-left-radius:23px;border-top-right-radius:23px;border-bottom-left-radius:23px;border-bottom-right-radius:23px;margin-top:var(--wp--preset--spacing--small);margin-right:var(--wp--preset--spacing--x-large);margin-bottom:var(--wp--preset--spacing--small);margin-left:var(--wp--preset--spacing--x-large);padding-right:var(--wp--preset--spacing--x-large);padding-left:var(--wp--preset--spacing--x-large);grid-template-columns:auto 15%\"><div class=\"wp-block-media-text__content\">\n<h2 class=\"wp-block-heading has-secondary-color has-text-color has-link-color wp-elements-6b68ec5a13e1fd6dd419d8cefa61c102\">Producto<\/h2>\n\n\n\n<p class=\"has-small-font-size\" style=\"line-height:1\">\u2022 Definici\u00f3n de especificaciones de producto y validaci\u00f3n t\u00e9cnica<\/p>\n\n\n\n<p class=\"has-small-font-size\" style=\"line-height:1\">\u2022 Desarrollo y aprobaci\u00f3n de muestras<\/p>\n\n\n\n<p class=\"has-small-font-size\" style=\"line-height:1\">\u2022 Control de calidad e inspecciones<\/p>\n\n\n\n<p class=\"has-small-font-size\" style=\"line-height:1\">\u2022 Seguimiento de producci\u00f3n y cumplimiento<\/p>\n<\/div><figure class=\"wp-block-media-text__media\"><img loading=\"lazy\" decoding=\"async\" width=\"200\" height=\"200\" src=\"https:\/\/www.procuremas.com\/wp-content\/uploads\/2026\/01\/services-icon-15-1.png\" alt=\"\" class=\"wp-image-223 size-full\" srcset=\"https:\/\/www.procuremas.com\/wp-content\/uploads\/2026\/01\/services-icon-15-1.png 200w, https:\/\/www.procuremas.com\/wp-content\/uploads\/2026\/01\/services-icon-15-1-150x150.png 150w\" sizes=\"auto, (max-width: 200px) 100vw, 200px\" \/><\/figure><\/div>\n\n\n\n<div class=\"wp-block-media-text is-stacked-on-mobile has-background-background-color has-background\" style=\"border-top-left-radius:23px;border-top-right-radius:23px;border-bottom-left-radius:23px;border-bottom-right-radius:23px;margin-top:var(--wp--preset--spacing--medium);margin-right:var(--wp--preset--spacing--x-large);margin-bottom:var(--wp--preset--spacing--medium);margin-left:var(--wp--preset--spacing--x-large);padding-right:var(--wp--preset--spacing--x-large);padding-left:var(--wp--preset--spacing--x-large);grid-template-columns:15% auto\"><figure class=\"wp-block-media-text__media\"><img loading=\"lazy\" decoding=\"async\" width=\"200\" height=\"200\" src=\"https:\/\/www.procuremas.com\/wp-content\/uploads\/2026\/01\/services-icon-16-1.png\" alt=\"\" class=\"wp-image-224 size-full\" srcset=\"https:\/\/www.procuremas.com\/wp-content\/uploads\/2026\/01\/services-icon-16-1.png 200w, https:\/\/www.procuremas.com\/wp-content\/uploads\/2026\/01\/services-icon-16-1-150x150.png 150w\" sizes=\"auto, (max-width: 200px) 100vw, 200px\" \/><\/figure><div class=\"wp-block-media-text__content\">\n<h2 class=\"wp-block-heading has-secondary-color has-text-color has-link-color wp-elements-3e7651978c3f031bc4ab620b33cdc470\">Cliente<\/h2>\n\n\n\n<p class=\"has-small-font-size\" style=\"line-height:1.3\">\u2022 Asistencia en la identificaci\u00f3n de necesidades del cliente<\/p>\n\n\n\n<p class=\"has-small-font-size\" style=\"line-height:1.3\">\u2022 An\u00e1lisis de indicadores clave para la toma de decisiones<\/p>\n\n\n\n<p class=\"has-small-font-size\" style=\"line-height:1.3\">\u2022 Solicitud de cotizaciones<\/p>\n<\/div><\/div>\n<\/div>","protected":false},"excerpt":{"rendered":"<p>At PROCUREMAS, we operate on a B2B model, offering tailored procurement management services for companies. Our Strategic Procurement Management from needs assessment and performance analysis covers everything to contract negotiation and purchase order creation, ensuring a streamlined process aligned with our clients&#8217; goals. From Supplier Selection to Post-Sales:A Complete Service We handle the research and &hellip; <\/p>\n<p class=\"link-more\"><a href=\"https:\/\/www.procuremas.com\/es\/sample-page\/\" class=\"more-link\">Read more<span class=\"screen-reader-text\"> &#8220;Services&#8221;<\/span><\/a><\/p>","protected":false},"author":1,"featured_media":193,"parent":0,"menu_order":0,"comment_status":"closed","ping_status":"open","template":"page-templates\/full-width-builder-bb.php","meta":{"inspiro_hide_title":false,"footnotes":""},"class_list":["post-2","page","type-page","status-publish","has-post-thumbnail","hentry"],"_links":{"self":[{"href":"https:\/\/www.procuremas.com\/es\/wp-json\/wp\/v2\/pages\/2","targetHints":{"allow":["GET"]}}],"collection":[{"href":"https:\/\/www.procuremas.com\/es\/wp-json\/wp\/v2\/pages"}],"about":[{"href":"https:\/\/www.procuremas.com\/es\/wp-json\/wp\/v2\/types\/page"}],"author":[{"embeddable":true,"href":"https:\/\/www.procuremas.com\/es\/wp-json\/wp\/v2\/users\/1"}],"replies":[{"embeddable":true,"href":"https:\/\/www.procuremas.com\/es\/wp-json\/wp\/v2\/comments?post=2"}],"version-history":[{"count":27,"href":"https:\/\/www.procuremas.com\/es\/wp-json\/wp\/v2\/pages\/2\/revisions"}],"predecessor-version":[{"id":228,"href":"https:\/\/www.procuremas.com\/es\/wp-json\/wp\/v2\/pages\/2\/revisions\/228"}],"wp:featuredmedia":[{"embeddable":true,"href":"https:\/\/www.procuremas.com\/es\/wp-json\/wp\/v2\/media\/193"}],"wp:attachment":[{"href":"https:\/\/www.procuremas.com\/es\/wp-json\/wp\/v2\/media?parent=2"}],"curies":[{"name":"wp","href":"https:\/\/api.w.org\/{rel}","templated":true}]}}